{"id":5601,"date":"2024-02-14T21:38:49","date_gmt":"2024-02-14T20:38:49","guid":{"rendered":"https:\/\/preveacare.ch\/?page_id=5601"},"modified":"2024-03-12T19:41:50","modified_gmt":"2024-03-12T18:41:50","slug":"recherche-des-avoirs-lpp","status":"publish","type":"page","link":"https:\/\/preveacare.ch\/index.php\/recherche-des-avoirs-lpp\/","title":{"rendered":"\u00a0Recherche des avoirs LPP\u00a0"},"content":{"rendered":"\t\t<div data-elementor-type=\"wp-page\" data-elementor-id=\"5601\" class=\"elementor elementor-5601\">\n\t\t\t\t<div class=\"elementor-element elementor-element-2ab54d0 e-flex e-con-boxed e-con e-parent\" data-id=\"2ab54d0\" data-element_type=\"container\" data-e-type=\"container\">\n\t\t\t\t\t<div class=\"e-con-inner\">\n\t\t\t\t\t<\/div>\n\t\t\t\t<\/div>\n\t\t<div class=\"elementor-element elementor-element-1b60940 e-flex e-con-boxed e-con e-parent\" data-id=\"1b60940\" data-element_type=\"container\" data-e-type=\"container\">\n\t\t\t\t\t<div class=\"e-con-inner\">\n\t\t<div class=\"elementor-element elementor-element-e827c77 e-con-full e-flex e-con e-child\" data-id=\"e827c77\" data-element_type=\"container\" data-e-type=\"container\">\n\t\t\t\t<div class=\"elementor-element elementor-element-9807827 elementor-widget elementor-widget-shortcode\" data-id=\"9807827\" data-element_type=\"widget\" data-e-type=\"widget\" data-widget_type=\"shortcode.default\">\n\t\t\t\t<div class=\"elementor-widget-container\">\n\t\t\t\t\t\t\t<div class=\"elementor-shortcode\"><div class=\"mf-form-shortcode\">\r\n\t\t<div\r\n\t\t\tid=\"metform-wrap-5577-5577\"\r\n\t\t\tclass=\"mf-form-wrapper\"\r\n\t\t\tdata-form-id=\"5577\"\r\n\t\t\tdata-action=\"https:\/\/preveacare.ch\/index.php\/wp-json\/metform\/v1\/entries\/insert\/5577\"\r\n\t\t\tdata-wp-nonce=\"10b7b0e7d0\"\r\n\t\t\tdata-form-nonce=\"89bd6595ae\"\r\n\t\t\tdata-quiz-summery = \"false\"\r\n\t\t\tdata-save-progress = \"false\"\r\n\t\t\tdata-form-type=\"general-form\"\r\n\t\t\tdata-stop-vertical-effect=\"\"\r\n\t\t\t><\/div>\r\n\r\n\r\n\t\t<!----------------------------- \r\n\t\t\t* controls_data : find the the props passed indie of data attribute\r\n\t\t\t* props.SubmitResponseMarkup : contains the markup of error or success message\r\n\t\t\t* https:\/\/developer.mozilla.org\/en-US\/docs\/Web\/JavaScript\/Reference\/Template_literals\r\n\t\t--------------------------- -->\r\n\r\n\t\t\t\t<script type=\"text\/mf\" class=\"mf-template\">\r\n\t\t\tfunction controls_data (value){\r\n\t\t\t\tlet currentWrapper = \"mf-response-props-id-5577\";\r\n\t\t\t\tlet currentEl = document.getElementById(currentWrapper);\r\n\t\t\t\t\r\n\t\t\t\treturn currentEl ? currentEl.dataset[value] : false\r\n\t\t\t}\r\n\r\n\r\n\t\t\tlet is_edit_mode = '' ? true : false;\r\n\t\t\tlet message_position = controls_data('messageposition') || 'top';\r\n\r\n\t\t\t\r\n\t\t\tlet message_successIcon = controls_data('successicon') || '';\r\n\t\t\tlet message_errorIcon = controls_data('erroricon') || '';\r\n\t\t\tlet message_editSwitch = controls_data('editswitchopen') === 'yes' ? true : false;\r\n\t\t\tlet message_proClass = controls_data('editswitchopen') === 'yes' ? 'mf_pro_activated' : '';\r\n\t\t\t\r\n\t\t\tlet is_dummy_markup = is_edit_mode && message_editSwitch ? true : false;\r\n\r\n\t\t\t\r\n\t\t\treturn html`\r\n\t\t\t\t<form\r\n\t\t\t\t\tclassName=\"metform-form-content\"\r\n\t\t\t\t\tref=${parent.formContainerRef}\r\n\t\t\t\t\tonSubmit=${ validation.handleSubmit( parent.handleFormSubmit ) }\r\n\t\t\t\t\r\n\t\t\t\t\t>\r\n\t\t\t\r\n\t\t\t\r\n\t\t\t\t\t${is_dummy_markup ? message_position === 'top' ?  props.ResponseDummyMarkup(message_successIcon, message_proClass) : '' : ''}\r\n\t\t\t\t\t${is_dummy_markup ? ' ' :  message_position === 'top' ? props.SubmitResponseMarkup`${parent}${state}${message_successIcon}${message_errorIcon}${message_proClass}` : ''}\r\n\r\n\t\t\t\t\t<!--------------------------------------------------------\r\n\t\t\t\t\t*** IMPORTANT \/ DANGEROUS ***\r\n\t\t\t\t\t${html``} must be used as in immediate child of \"metform-form-main-wrapper\"\r\n\t\t\t\t\tclass otherwise multistep form will not run at all\r\n\t\t\t\t\t---------------------------------------------------------->\r\n\r\n\t\t\t\t\t<div className=\"metform-form-main-wrapper\" key=${'hide-form-after-submit'} ref=${parent.formRef}>\r\n\t\t\t\t\t${html`\r\n\t\t\t\t\t\t\t\t<div data-elementor-type=\"wp-post\" key=\"2\" data-elementor-id=\"5577\" className=\"elementor elementor-5577\">\n\t\t\t\t\t\t<section className=\"elementor-section elementor-top-section elementor-element elementor-element-7eca56f6 elementor-section-full_width elementor-section-height-default elementor-section-height-default\" data-id=\"7eca56f6\" data-element_type=\"section\" data-e-type=\"section\">\n\t\t\t\t\t\t<div className=\"elementor-container elementor-column-gap-default\">\n\t\t\t\t\t<div className=\"elementor-column elementor-col-100 elementor-top-column elementor-element elementor-element-5539f7eb\" data-id=\"5539f7eb\" data-element_type=\"column\" data-e-type=\"column\">\n\t\t\t<div className=\"elementor-widget-wrap elementor-element-populated\">\n\t\t\t\t\t\t<section className=\"elementor-section elementor-inner-section elementor-element elementor-element-cc6be4 elementor-section-full_width elementor-section-height-default elementor-section-height-default\" data-id=\"cc6be4\" data-element_type=\"section\" data-e-type=\"section\">\n\t\t\t\t\t\t<div className=\"elementor-container elementor-column-gap-default\">\n\t\t\t\t\t<div className=\"elementor-column elementor-col-100 elementor-inner-column elementor-element elementor-element-8999f43\" data-id=\"8999f43\" data-element_type=\"column\" data-e-type=\"column\">\n\t\t\t<div className=\"elementor-widget-wrap elementor-element-populated\">\n\t\t\t\t\t\t<div className=\"elementor-element elementor-element-77426f75 elementor-widget elementor-widget-heading\" data-id=\"77426f75\" data-element_type=\"widget\" data-e-type=\"widget\" data-widget_type=\"heading.default\">\n\t\t\t\t<div className=\"elementor-widget-container\">\n\t\t\t\t\t<h3 className=\"elementor-heading-title elementor-size-default\"> Recherche des avoirs LPP <\/h3>\t\t\t\t<\/div>\n\t\t\t\t<\/div>\n\t\t\t\t\t<\/div>\n\t\t<\/div>\n\t\t\t\t\t<\/div>\n\t\t<\/section>\n\t\t\t\t<div className=\"elementor-element elementor-element-500b9439 elementor-widget-divider--view-line elementor-widget elementor-widget-divider\" data-id=\"500b9439\" data-element_type=\"widget\" data-e-type=\"widget\" data-widget_type=\"divider.default\">\n\t\t\t\t<div className=\"elementor-widget-container\">\n\t\t\t\t\t\t\t<div className=\"elementor-divider\">\n\t\t\t<span className=\"elementor-divider-separator\">\n\t\t\t\t\t\t<\/span>\n\t\t<\/div>\n\t\t\t\t\t\t<\/div>\n\t\t\t\t<\/div>\n\t\t\t\t<section className=\"elementor-section elementor-inner-section elementor-element elementor-element-5b469eeb elementor-section-full_width elementor-section-height-default elementor-section-height-default\" data-id=\"5b469eeb\" data-element_type=\"section\" data-e-type=\"section\">\n\t\t\t\t\t\t<div className=\"elementor-container elementor-column-gap-default\">\n\t\t\t\t\t<div className=\"elementor-column elementor-col-50 elementor-inner-column elementor-element elementor-element-40819b95\" data-id=\"40819b95\" data-element_type=\"column\" data-e-type=\"column\">\n\t\t\t<div className=\"elementor-widget-wrap elementor-element-populated\">\n\t\t\t\t\t\t<div className=\"elementor-element elementor-element-4dc87cc4 elementor-widget elementor-widget-mf-text\" data-id=\"4dc87cc4\" data-element_type=\"widget\" data-e-type=\"widget\" data-settings=\"{&quot;mf_input_name&quot;:&quot;mf-first-name&quot;}\" data-widget_type=\"mf-text.default\">\n\t\t\t\t<div className=\"elementor-widget-container\">\n\t\t\t\t\t\r\n\t\t<div className=\"mf-input-wrapper\">\r\n\t\t\t\t\t\t\t<label className=\"mf-input-label\" htmlFor=\"mf-input-text-4dc87cc4\">\r\n\t\t\t\t\t${ parent.decodeEntities(`Nom`) } \t\t\t\t\t<span className=\"mf-input-required-indicator\">*<\/span>\r\n\t\t\t\t<\/label>\r\n\t\t\t\r\n\t\t\t<input\r\n\t\t\t\ttype=\"text\"\r\n\t\t\t\tclassName=\"mf-input mf-conditional-input\"\r\n\t\t\t\tid=\"mf-input-text-4dc87cc4\"\r\n\t\t\t\tname=\"mf-first-name\"\r\n\t\t\t\tplaceholder=\"${ parent.decodeEntities(``) } \"\r\n\t\t\t\t\t\t\t\t\tonInput=${parent.handleChange}\r\n\t\t\t\t\tonBlur=${parent.handleChange}\r\n\t\t\t\t\taria-invalid=${validation.errors['mf-first-name'] ? 'true' : 'false'}\r\n\t\t\t\t\tref=${el =>{\r\n\t\t\t\t\t\t\t\t\t\t\t\tparent.activateValidation({\"message\":\"This field is required.\",\"minLength\":1,\"maxLength\":\"\",\"type\":\"none\",\"required\":true,\"expression\":\"null\"}, el)\r\n\t\t\t\t\t}}\r\n\t\t\t\t\t\t\t\t\/>\r\n\r\n\t\t\t\t\t\t\t<${validation.ErrorMessage}\r\n\t\t\t\t\terrors=${validation.errors}\r\n\t\t\t\t\tname=\"mf-first-name\"\r\n\t\t\t\t\tas=${html`<span className=\"mf-error-message\"><\/span>`}\r\n\t\t\t\t\t\/>\r\n\t\t\t\r\n\t\t\t\t\t<\/div>\r\n\r\n\t\t\t\t\t\t<\/div>\n\t\t\t\t<\/div>\n\t\t\t\t\t<\/div>\n\t\t<\/div>\n\t\t\t\t<div className=\"elementor-column elementor-col-50 elementor-inner-column elementor-element elementor-element-3b7b6da2\" data-id=\"3b7b6da2\" data-element_type=\"column\" data-e-type=\"column\">\n\t\t\t<div className=\"elementor-widget-wrap elementor-element-populated\">\n\t\t\t\t\t\t<div className=\"elementor-element elementor-element-3b876138 elementor-widget elementor-widget-mf-text\" data-id=\"3b876138\" data-element_type=\"widget\" data-e-type=\"widget\" data-settings=\"{&quot;mf_input_name&quot;:&quot;mf-last-name&quot;}\" data-widget_type=\"mf-text.default\">\n\t\t\t\t<div className=\"elementor-widget-container\">\n\t\t\t\t\t\r\n\t\t<div className=\"mf-input-wrapper\">\r\n\t\t\t\t\t\t\t<label className=\"mf-input-label\" htmlFor=\"mf-input-text-3b876138\">\r\n\t\t\t\t\t${ parent.decodeEntities(`Pr\u00e9nom`) } \t\t\t\t\t<span className=\"mf-input-required-indicator\">*<\/span>\r\n\t\t\t\t<\/label>\r\n\t\t\t\r\n\t\t\t<input\r\n\t\t\t\ttype=\"text\"\r\n\t\t\t\tclassName=\"mf-input mf-conditional-input\"\r\n\t\t\t\tid=\"mf-input-text-3b876138\"\r\n\t\t\t\tname=\"mf-last-name\"\r\n\t\t\t\tplaceholder=\"${ parent.decodeEntities(``) } \"\r\n\t\t\t\t\t\t\t\t\tonInput=${parent.handleChange}\r\n\t\t\t\t\tonBlur=${parent.handleChange}\r\n\t\t\t\t\taria-invalid=${validation.errors['mf-last-name'] ? 'true' : 'false'}\r\n\t\t\t\t\tref=${el =>{\r\n\t\t\t\t\t\t\t\t\t\t\t\tparent.activateValidation({\"message\":\"This field is required.\",\"minLength\":1,\"maxLength\":\"\",\"type\":\"none\",\"required\":true,\"expression\":\"null\"}, el)\r\n\t\t\t\t\t}}\r\n\t\t\t\t\t\t\t\t\/>\r\n\r\n\t\t\t\t\t\t\t<${validation.ErrorMessage}\r\n\t\t\t\t\terrors=${validation.errors}\r\n\t\t\t\t\tname=\"mf-last-name\"\r\n\t\t\t\t\tas=${html`<span className=\"mf-error-message\"><\/span>`}\r\n\t\t\t\t\t\/>\r\n\t\t\t\r\n\t\t\t\t\t<\/div>\r\n\r\n\t\t\t\t\t\t<\/div>\n\t\t\t\t<\/div>\n\t\t\t\t\t<\/div>\n\t\t<\/div>\n\t\t\t\t\t<\/div>\n\t\t<\/section>\n\t\t\t\t<section className=\"elementor-section elementor-inner-section elementor-element elementor-element-3a34f48 elementor-section-full_width elementor-section-height-default elementor-section-height-default\" data-id=\"3a34f48\" data-element_type=\"section\" data-e-type=\"section\">\n\t\t\t\t\t\t<div className=\"elementor-container elementor-column-gap-default\">\n\t\t\t\t\t<div className=\"elementor-column elementor-col-50 elementor-inner-column elementor-element elementor-element-5b1958af\" data-id=\"5b1958af\" data-element_type=\"column\" data-e-type=\"column\">\n\t\t\t<div className=\"elementor-widget-wrap elementor-element-populated\">\n\t\t\t\t\t\t<div className=\"elementor-element elementor-element-1a0e467e elementor-widget elementor-widget-mf-email\" data-id=\"1a0e467e\" data-element_type=\"widget\" data-e-type=\"widget\" data-settings=\"{&quot;mf_input_name&quot;:&quot;mf-email&quot;}\" data-widget_type=\"mf-email.default\">\n\t\t\t\t<div className=\"elementor-widget-container\">\n\t\t\t\t\t\r\n\t\t<div className=\"mf-input-wrapper\">\r\n\t\t\t\t\t\t\t<label className=\"mf-input-label\" htmlFor=\"mf-input-email-1a0e467e\">\r\n\t\t\t\t\t${ parent.decodeEntities(`Adresse Email `) } \t\t\t\t\t<span className=\"mf-input-required-indicator\">*<\/span>\r\n\t\t\t\t<\/label>\r\n\t\t\t\r\n\t\t\t<input \r\n\t\t\t\ttype=\"email\" \r\n\t\t\t\t \r\n\t\t\t\tdefaultValue=\"\" \r\n\t\t\t\tclassName=\"mf-input mf-conditional-input\" \r\n\t\t\t\tid=\"mf-input-email-1a0e467e\" \r\n\t\t\t\tname=\"mf-email\" \r\n\t\t\t\tplaceholder=\"${ parent.decodeEntities(``) } \" \r\n\t\t\t\t \r\n\t\t\t\tonBlur=${parent.handleChange} onFocus=${parent.handleChange} aria-invalid=${validation.errors['mf-email'] ? 'true' : 'false' } \r\n\t\t\t\tref=${el=> parent.activateValidation({\"message\":\"This field is required.\",\"emailMessage\":\"Please enter a valid Email address\",\"minLength\":1,\"maxLength\":\"\",\"type\":\"none\",\"required\":true,\"expression\":\"null\"}, el)}\r\n\t\t\t\t\t\t\t\/>\r\n\r\n\t\t\t\t\t\t<${validation.ErrorMessage} \r\n\t\t\t\terrors=${validation.errors} \r\n\t\t\t\tname=\"mf-email\" \r\n\t\t\t\tas=${html`<span className=\"mf-error-message\"><\/span>`}\r\n\t\t\t\/>\r\n\t\t\t\r\n\t\t\t\t\t<\/div>\r\n\r\n\t\t\t\t<\/div>\n\t\t\t\t<\/div>\n\t\t\t\t\t<\/div>\n\t\t<\/div>\n\t\t\t\t<div className=\"elementor-column elementor-col-50 elementor-inner-column elementor-element elementor-element-41b886a1\" data-id=\"41b886a1\" data-element_type=\"column\" data-e-type=\"column\">\n\t\t\t<div className=\"elementor-widget-wrap elementor-element-populated\">\n\t\t\t\t\t\t<div className=\"elementor-element elementor-element-37da684c elementor-widget elementor-widget-mf-text\" data-id=\"37da684c\" data-element_type=\"widget\" data-e-type=\"widget\" data-settings=\"{&quot;mf_input_name&quot;:&quot;mf-subject&quot;}\" data-widget_type=\"mf-text.default\">\n\t\t\t\t<div className=\"elementor-widget-container\">\n\t\t\t\t\t\r\n\t\t<div className=\"mf-input-wrapper\">\r\n\t\t\t\t\t\t\t<label className=\"mf-input-label\" htmlFor=\"mf-input-text-37da684c\">\r\n\t\t\t\t\t${ parent.decodeEntities(`Objet`) } \t\t\t\t\t<span className=\"mf-input-required-indicator\">*<\/span>\r\n\t\t\t\t<\/label>\r\n\t\t\t\r\n\t\t\t<input\r\n\t\t\t\ttype=\"text\"\r\n\t\t\t\tclassName=\"mf-input mf-conditional-input\"\r\n\t\t\t\tid=\"mf-input-text-37da684c\"\r\n\t\t\t\tname=\"mf-subject\"\r\n\t\t\t\tplaceholder=\"${ parent.decodeEntities(``) } \"\r\n\t\t\t\t\t\t\t\t\tonInput=${parent.handleChange}\r\n\t\t\t\t\tonBlur=${parent.handleChange}\r\n\t\t\t\t\taria-invalid=${validation.errors['mf-subject'] ? 'true' : 'false'}\r\n\t\t\t\t\tref=${el =>{\r\n\t\t\t\t\t\t\t\t\t\t\t\tparent.activateValidation({\"message\":\"This field is required.\",\"minLength\":1,\"maxLength\":\"\",\"type\":\"none\",\"required\":true,\"expression\":\"null\"}, el)\r\n\t\t\t\t\t}}\r\n\t\t\t\t\t\t\t\t\/>\r\n\r\n\t\t\t\t\t\t\t<${validation.ErrorMessage}\r\n\t\t\t\t\terrors=${validation.errors}\r\n\t\t\t\t\tname=\"mf-subject\"\r\n\t\t\t\t\tas=${html`<span className=\"mf-error-message\"><\/span>`}\r\n\t\t\t\t\t\/>\r\n\t\t\t\r\n\t\t\t\t\t<\/div>\r\n\r\n\t\t\t\t\t\t<\/div>\n\t\t\t\t<\/div>\n\t\t\t\t\t<\/div>\n\t\t<\/div>\n\t\t\t\t\t<\/div>\n\t\t<\/section>\n\t\t\t\t<section className=\"elementor-section elementor-inner-section elementor-element elementor-element-7790d60c elementor-section-full_width elementor-section-height-default elementor-section-height-default\" data-id=\"7790d60c\" data-element_type=\"section\" data-e-type=\"section\">\n\t\t\t\t\t\t<div className=\"elementor-container elementor-column-gap-default\">\n\t\t\t\t\t<div className=\"elementor-column elementor-col-100 elementor-inner-column elementor-element elementor-element-7ae5340f\" data-id=\"7ae5340f\" data-element_type=\"column\" data-e-type=\"column\">\n\t\t\t<div className=\"elementor-widget-wrap elementor-element-populated\">\n\t\t\t\t\t\t<div className=\"elementor-element elementor-element-3d6a3d07 elementor-widget elementor-widget-mf-telephone\" data-id=\"3d6a3d07\" data-element_type=\"widget\" data-e-type=\"widget\" data-settings=\"{&quot;mf_input_name&quot;:&quot;mf-telephone&quot;}\" data-widget_type=\"mf-telephone.default\">\n\t\t\t\t<div className=\"elementor-widget-container\">\n\t\t\t\t\t\n\t\t<div className=\"mf-input-wrapper\">\n\t\t\t\t\t\t\t<label className=\"mf-input-label\" htmlFor=\"mf-input-telephone-3d6a3d07\">\n\t\t\t\t\t${ parent.decodeEntities(`T\u00e9l\u00e9phone`) } \t\t\t\t\t<span className=\"mf-input-required-indicator\">*<\/span>\n\t\t\t\t<\/label>\n\t\t\t\n\t\t\t<input\n\t\t\t\ttype=\"tel\"\n\t\t\t\tclassName=\"mf-input mf-conditional-input\"\n\t\t\t\tid=\"mf-input-telephone-3d6a3d07\" \n\t\t\t\tname=\"mf-telephone\"\n\t\t\t\tplaceholder=\"${ parent.decodeEntities(``) } \"\n\t\t\t\t\t\t\t\t\tonInput=${parent.handleChange}\n\t\t\t\t\taria-invalid=${validation.errors['mf-telephone'] ? 'true' : 'false'}\n\t\t\t\t\tref=${el => parent.activateValidation({\"message\":\"This field is required.\",\"minLength\":1,\"maxLength\":\"\",\"type\":\"none\",\"required\":true,\"expression\":\"null\"}, el)}\n\t\t\t\t\t\t\t\t\/>\n\t\t\t\n\t\t\t\t\t\t\t<${validation.ErrorMessage}\n\t\t\t\t\terrors=${validation.errors}\n\t\t\t\t\tname=\"mf-telephone\"\n\t\t\t\t\tas=${html`<span className=\"mf-error-message\"><\/span>`}\n\t\t\t\t\t\/>\n\t\t\t\n\t\t\t\n\t\t<\/div>\n\n\t\t\t\t\t\t<\/div>\n\t\t\t\t<\/div>\n\t\t\t\t<div className=\"elementor-element elementor-element-c7d8bf8 elementor-widget elementor-widget-mf-select\" data-id=\"c7d8bf8\" data-element_type=\"widget\" data-e-type=\"widget\" data-settings=\"{&quot;mf_input_name&quot;:&quot;mf-select&quot;,&quot;mf_input_list&quot;:[{&quot;mf_input_option_text&quot;:&quot;De 08:00 \\u00e0 10:00 h&quot;,&quot;mf_input_option_value&quot;:&quot;value-1&quot;,&quot;_id&quot;:&quot;d47cda9&quot;,&quot;mf_input_option_selected&quot;:&quot;selected&quot;,&quot;mf_input_option_status&quot;:&quot;&quot;},{&quot;mf_input_option_text&quot;:&quot;De 10:00 \\u00e0 12:00 h&quot;,&quot;mf_input_option_value&quot;:&quot;value-2&quot;,&quot;_id&quot;:&quot;ae8894b&quot;,&quot;mf_input_option_status&quot;:&quot;&quot;,&quot;mf_input_option_selected&quot;:&quot;&quot;},{&quot;mf_input_option_text&quot;:&quot;De 12:00 \\u00e0 14:00 h&quot;,&quot;mf_input_option_value&quot;:&quot;value-3&quot;,&quot;_id&quot;:&quot;744a2e1&quot;,&quot;mf_input_option_status&quot;:&quot;&quot;,&quot;mf_input_option_selected&quot;:&quot;&quot;},{&quot;mf_input_option_text&quot;:&quot;De 14:00 \\u00e0 16:00 h&quot;,&quot;mf_input_option_value&quot;:&quot;value-3&quot;,&quot;_id&quot;:&quot;ac5e7ae&quot;,&quot;mf_input_option_status&quot;:&quot;&quot;,&quot;mf_input_option_selected&quot;:&quot;&quot;},{&quot;mf_input_option_text&quot;:&quot;De 16:00 \\u00e0 18:00 h&quot;,&quot;mf_input_option_value&quot;:&quot;value-3&quot;,&quot;_id&quot;:&quot;b020056&quot;,&quot;mf_input_option_status&quot;:&quot;&quot;,&quot;mf_input_option_selected&quot;:&quot;&quot;}]}\" data-widget_type=\"mf-select.default\">\n\t\t\t\t<div className=\"elementor-widget-container\">\n\t\t\t\t\t\n\t\t\n\t\t<div className=\"mf-input-wrapper\">\n\t\t\t\n            <${props.Select}\n                className=${\"mf-input mf-input-select  \" + ( validation.errors['mf-select'] ? 'mf-invalid' : '' )}\n                classNamePrefix=\"mf_select\"\n                name=\"mf-select\"\n                placeholder=\"${ parent.decodeEntities(`Select`) } \"\n                isSearchable=${false}\n                options=${[{\"label\":\"De 08:00 \\u00e0 10:00 h\",\"value\":\"value-1\",\"isDisabled\":false},{\"label\":\"De 10:00 \\u00e0 12:00 h\",\"value\":\"value-2\",\"isDisabled\":false},{\"label\":\"De 12:00 \\u00e0 14:00 h\",\"value\":\"value-3\",\"isDisabled\":false},{\"label\":\"De 14:00 \\u00e0 16:00 h\",\"value\":\"value-3\",\"isDisabled\":false},{\"label\":\"De 16:00 \\u00e0 18:00 h\",\"value\":\"value-3\",\"isDisabled\":false}]}\n                value=${parent.getValue(\"mf-select\") ? [{\"label\":\"De 08:00 \\u00e0 10:00 h\",\"value\":\"value-1\",\"isDisabled\":false},{\"label\":\"De 10:00 \\u00e0 12:00 h\",\"value\":\"value-2\",\"isDisabled\":false},{\"label\":\"De 12:00 \\u00e0 14:00 h\",\"value\":\"value-3\",\"isDisabled\":false},{\"label\":\"De 14:00 \\u00e0 16:00 h\",\"value\":\"value-3\",\"isDisabled\":false},{\"label\":\"De 16:00 \\u00e0 18:00 h\",\"value\":\"value-3\",\"isDisabled\":false}].filter(item => item.value === parent.getValue(\"mf-select\"))[0] : {\"label\":\"De 08:00 \\u00e0 10:00 h\",\"value\":\"value-1\",\"isDisabled\":false}}\n                onChange=${(e)=> parent.handleSelect(e, \"mf-select\")}\n                ref=${() => {\n\t\t\t\t                    register({ name: \"mf-select\" }, parent.activateValidation({\"message\":\"This field is required.\",\"minLength\":1,\"maxLength\":\"\",\"type\":\"none\",\"required\":false}));\n                    if ( parent.getValue(\"mf-select\") === '' && true ) {\n\t\t\t\t    parent.setValue( 'mf-select', 'value-1', true );\n                        parent.handleChange({\n                            target: {\n                                name: 'mf-select',\n                                value: 'value-1'\n                            }\n                        });\n                    }\n                }}\n                \/>\n\n            \t\t\t\t<${validation.ErrorMessage}\n\t\t\t\t\terrors=${validation.errors}\n\t\t\t\t\tname=\"mf-select\"\n\t\t\t\t\tas=${html`<span className=\"mf-error-message\"><\/span>`}\n\t\t\t\t\t\/>\n\t\t\t\t\t\t\t\t<\/div>\n\n\t\t\n\t\t\t\t\t\t<\/div>\n\t\t\t\t<\/div>\n\t\t\t\t\t<\/div>\n\t\t<\/div>\n\t\t\t\t\t<\/div>\n\t\t<\/section>\n\t\t\t\t\t<\/div>\n\t\t<\/div>\n\t\t\t\t\t<\/div>\n\t\t<\/section>\n\t\t\t\t<\/div>\n\t\t\t\t\t\t\t`}\r\n\t\t\t\t\t<\/div>\r\n\r\n\t\t\t\t\t${is_dummy_markup ? message_position === 'bottom' ? props.ResponseDummyMarkup(message_successIcon, message_proClass) : '' : ''}\r\n\t\t\t\t\t${is_dummy_markup ? ' ' : message_position === 'bottom' ? props.SubmitResponseMarkup`${parent}${state}${message_successIcon}${message_errorIcon}${message_proClass}` : ''}\r\n\t\t\t\t\r\n\t\t\t\t<\/form>\r\n\t\t\t`\r\n\t\t<\/script>\r\n\r\n\t\t<\/div><\/div>\n\t\t\t\t\t\t<\/div>\n\t\t\t\t<\/div>\n\t\t\t\t<\/div>\n\t\t<div class=\"elementor-element elementor-element-a208c4a e-con-full e-flex e-con e-child\" data-id=\"a208c4a\" data-element_type=\"container\" data-e-type=\"container\">\n\t\t\t\t<div class=\"elementor-element elementor-element-7bea0eb elementor-widget elementor-widget-text-editor\" data-id=\"7bea0eb\" data-element_type=\"widget\" data-e-type=\"widget\" data-widget_type=\"text-editor.default\">\n\t\t\t\t<div class=\"elementor-widget-container\">\n\t\t\t\t\t\t\t\t\t<p><strong>Qu&#8217;est-ce qu&#8217;un compte de libre passage ?<\/strong><\/p><p>Lorsque vous quittez votre emploi, les fonds que vous avez \u00e9pargn\u00e9s dans votre deuxi\u00e8me pilier doivent \u00eatre transf\u00e9r\u00e9s sur un compte de libre passage jusqu&#8217;\u00e0 ce que vous trouviez un nouvel employeur. Ce compte de libre passage est destin\u00e9 \u00e0 conserver vos \u00e9conomies.<\/p><p><strong>Pourquoi ouvrir un compte de libre passage ?<\/strong><\/p><p>En tant que salari\u00e9, vous commencez \u00e0 cotiser dans le deuxi\u00e8me pilier \u00e0 partir de l&#8217;\u00e2ge de 25 ans. Votre employeur contribue \u00e9galement \u00e0 ce deuxi\u00e8me pilier via la caisse de pension \u00e0 laquelle il est affili\u00e9. Cet argent vous appartient et doit \u00eatre conserv\u00e9 dans un compte conforme aux r\u00e8gles \u00e9tablies par l&#8217;OPP2 (deuxi\u00e8me pilier).<\/p><p>C&#8217;est ce qu&#8217;on appelle un compte de libre passage.<\/p><p><strong>Quand ouvrir un compte de libre passage ?<\/strong><\/p><p>Lorsque vous quittez une entreprise, les fonds constitu\u00e9s avec votre employeur dans le deuxi\u00e8me pilier doivent \u00e9galement \u00eatre retir\u00e9s du plan de pr\u00e9voyance de cette entreprise. Vous devez alors ouvrir un compte de libre passage aupr\u00e8s d&#8217;une institution financi\u00e8re.<\/p><p>Si aucune action n&#8217;est entreprise, apr\u00e8s un d\u00e9lai g\u00e9n\u00e9ralement compris entre 6 mois et 2 ans, la caisse de pension transf\u00e8re vos avoirs \u00e0 la caisse suppl\u00e9tive. Il est donc n\u00e9cessaire de retracer vos avoirs pour savoir o\u00f9 ils se trouvent et quel montant ils repr\u00e9sentent.<\/p><p><strong>Pourquoi effectuer ces d\u00e9marches ?<\/strong><\/p><p>Actuellement, 13 milliards de francs suisses d&#8217;avoirs LPP sont en attente de leurs propri\u00e9taires. Assurez-vous qu&#8217;aucune somme qui vous appartient ne s&#8217;y trouve, et si c&#8217;est le cas, r\u00e9cup\u00e9rez-la, car les int\u00e9r\u00eats servis dans cette institution sont de seulement 0,01%.<\/p><p>\u00c0 l&#8217;\u00e2ge de la retraite, l&#8217;avoir constitu\u00e9 pendant votre vie active conditionnera en grande partie le montant de vos rentes de vieillesse ou la somme \u00e0 retirer sous forme de capital.<\/p><p>Faites fructifier vos avoirs afin d&#8217;optimiser votre syst\u00e8me de pr\u00e9voyance.<\/p>\t\t\t\t\t\t\t\t<\/div>\n\t\t\t\t<\/div>\n\t\t\t\t<\/div>\n\t\t\t\t\t<\/div>\n\t\t\t\t<\/div>\n\t\t\t\t<\/div>\n\t\t\n    <div class=\"xs_social_share_widget xs_share_url after_content \t\tmain_content  wslu-style-1 wslu-share-box-shaped wslu-fill-colored wslu-none wslu-share-horizontal wslu-theme-font-no wslu-main_content\">\n\n\t\t\n        <ul>\n\t\t\t        <\/ul>\n    <\/div> \n","protected":false},"excerpt":{"rendered":"<p>Qu&#8217;est-ce qu&#8217;un compte de libre passage ? Lorsque vous quittez votre emploi, les fonds que vous avez \u00e9pargn\u00e9s dans votre deuxi\u00e8me pilier doivent \u00eatre transf\u00e9r\u00e9s sur un compte de libre passage jusqu&#8217;\u00e0 ce que vous trouviez un nouvel employeur. Ce compte de libre passage est destin\u00e9 \u00e0 conserver vos \u00e9conomies.<\/p>\n","protected":false},"author":1,"featured_media":0,"parent":0,"menu_order":0,"comment_status":"closed","ping_status":"closed","template":"","meta":{"inline_featured_image":false,"footnotes":""},"class_list":["post-5601","page","type-page","status-publish","hentry"],"_links":{"self":[{"href":"https:\/\/preveacare.ch\/index.php\/wp-json\/wp\/v2\/pages\/5601"}],"collection":[{"href":"https:\/\/preveacare.ch\/index.php\/wp-json\/wp\/v2\/pages"}],"about":[{"href":"https:\/\/preveacare.ch\/index.php\/wp-json\/wp\/v2\/types\/page"}],"author":[{"embeddable":true,"href":"https:\/\/preveacare.ch\/index.php\/wp-json\/wp\/v2\/users\/1"}],"replies":[{"embeddable":true,"href":"https:\/\/preveacare.ch\/index.php\/wp-json\/wp\/v2\/comments?post=5601"}],"version-history":[{"count":7,"href":"https:\/\/preveacare.ch\/index.php\/wp-json\/wp\/v2\/pages\/5601\/revisions"}],"predecessor-version":[{"id":5756,"href":"https:\/\/preveacare.ch\/index.php\/wp-json\/wp\/v2\/pages\/5601\/revisions\/5756"}],"wp:attachment":[{"href":"https:\/\/preveacare.ch\/index.php\/wp-json\/wp\/v2\/media?parent=5601"}],"curies":[{"name":"wp","href":"https:\/\/api.w.org\/{rel}","templated":true}]}}